{"id":1840,"date":"2023-04-17T03:51:56","date_gmt":"2023-04-17T03:51:56","guid":{"rendered":"https:\/\/woodraw.eu\/nachrichten\/"},"modified":"2024-03-02T14:02:48","modified_gmt":"2024-03-02T14:02:48","slug":"nachrichten","status":"publish","type":"page","link":"https:\/\/woodraw.eu\/de\/nachrichten\/","title":{"rendered":"Nachrichten"},"content":{"rendered":"\t\t<div data-elementor-type=\"wp-page\" data-elementor-id=\"1840\" class=\"elementor elementor-1840 elementor-830\" data-elementor-post-type=\"page\">\n\t\t\t\t\t\t<section class=\"elementor-section elementor-top-section elementor-element elementor-element-155bcd6 elementor-section-boxed elementor-section-height-default elementor-section-height-default\" data-id=\"155bcd6\" data-element_type=\"section\">\n\t\t\t\t\t\t<div class=\"elementor-container elementor-column-gap-default\">\n\t\t\t\t\t<div class=\"elementor-column elementor-col-100 elementor-top-column elementor-element elementor-element-ae885ee\" data-id=\"ae885ee\" data-element_type=\"column\">\n\t\t\t<div class=\"elementor-widget-wrap elementor-element-populated\">\n\t\t\t\t\t\t<div class=\"elementor-element elementor-element-c4aa347 elementor-widget elementor-widget-heading\" data-id=\"c4aa347\" data-element_type=\"widget\" data-widget_type=\"heading.default\">\n\t\t\t\t<div class=\"elementor-widget-container\">\n\t\t\t<style>\/*! elementor - v3.19.0 - 28-02-2024 *\/\n.elementor-heading-title{padding:0;margin:0;line-height:1}.elementor-widget-heading .elementor-heading-title[class*=elementor-size-]>a{color:inherit;font-size:inherit;line-height:inherit}.elementor-widget-heading .elementor-heading-title.elementor-size-small{font-size:15px}.elementor-widget-heading .elementor-heading-title.elementor-size-medium{font-size:19px}.elementor-widget-heading .elementor-heading-title.elementor-size-large{font-size:29px}.elementor-widget-heading .elementor-heading-title.elementor-size-xl{font-size:39px}.elementor-widget-heading .elementor-heading-title.elementor-size-xxl{font-size:59px}<\/style><h1 class=\"elementor-heading-title elementor-size-large\">Neuigkeiten aus dem Blockhausbau<\/h1>\t\t<\/div>\n\t\t\t\t<\/div>\n\t\t\t\t<div class=\"elementor-element elementor-element-723530c elementor-widget elementor-widget-text-editor\" data-id=\"723530c\" data-element_type=\"widget\" data-widget_type=\"text-editor.default\">\n\t\t\t\t<div class=\"elementor-widget-container\">\n\t\t\t<style>\/*! elementor - v3.19.0 - 28-02-2024 *\/\n.elementor-widget-text-editor.elementor-drop-cap-view-stacked .elementor-drop-cap{background-color:#69727d;color:#fff}.elementor-widget-text-editor.elementor-drop-cap-view-framed .elementor-drop-cap{color:#69727d;border:3px solid;background-color:transparent}.elementor-widget-text-editor:not(.elementor-drop-cap-view-default) .elementor-drop-cap{margin-top:8px}.elementor-widget-text-editor:not(.elementor-drop-cap-view-default) .elementor-drop-cap-letter{width:1em;height:1em}.elementor-widget-text-editor .elementor-drop-cap{float:left;text-align:center;line-height:1;font-size:50px}.elementor-widget-text-editor .elementor-drop-cap-letter{display:inline-block}<\/style>\t\t\t\t<div class=\"group w-full text-gray-800 dark:text-gray-100 border-b border-black\/10 dark:border-gray-900\/50 bg-gray-50 dark:bg-[#444654]\">\n<div class=\"text-base gap-4 md:gap-6 md:max-w-2xl lg:max-w-xl xl:max-w-3xl p-4 md:py-6 flex lg:px-0 m-auto\">\n<div class=\"relative flex w-[calc(100%-50px)] flex-col gap-1 md:gap-3 lg:w-[calc(100%-115px)]\">\n<div class=\"flex flex-grow flex-col gap-3\">\n<div class=\"min-h-[20px] flex flex-col items-start gap-4 whitespace-pre-wrap\">\n<div class=\"markdown prose w-full break-words dark:prose-invert dark\">\n<p>Wenn Sie sich \u00fcber die Technik von Blockh\u00e4usern und anderen Blockbauten informieren m\u00f6chten, finden Sie hier wichtige Tipps f\u00fcr die Wahl Ihres Blockhaustyps. Wir laden Sie ein, unsere Newsletter zu verfolgen, in denen wir unsere Erfahrungen und Projekte vorstellen.<\/p>\n<\/div>\n<\/div>\n<\/div>\n<div class=\"flex justify-between lg:block\">\n<div class=\"text-gray-400 flex self-end lg:self-center justify-center mt-2 gap-2 md:gap-3 lg:gap-1 lg:absolute lg:top-0 lg:translate-x-full lg:right-0 lg:mt-0 lg:pl-2 visible\"> <\/div>\n<\/div>\n<\/div>\n<\/div>\n<\/div>\n\t\t\t\t\t\t<\/div>\n\t\t\t\t<\/div>\n\t\t\t\t\t<\/div>\n\t\t<\/div>\n\t\t\t\t\t<\/div>\n\t\t<\/section>\n\t\t\t\t<section class=\"elementor-section elementor-top-section elementor-element elementor-element-fdc7071 elementor-section-boxed elementor-section-height-default elementor-section-height-default\" data-id=\"fdc7071\" data-element_type=\"section\">\n\t\t\t\t\t\t<div class=\"elementor-container elementor-column-gap-default\">\n\t\t\t\t\t<div class=\"elementor-column elementor-col-100 elementor-top-column elementor-element elementor-element-dd9d7d5\" data-id=\"dd9d7d5\" data-element_type=\"column\">\n\t\t\t<div class=\"elementor-widget-wrap elementor-element-populated\">\n\t\t\t\t\t\t<div class=\"elementor-element elementor-element-23043ac elementor-widget elementor-widget-uael-posts\" data-id=\"23043ac\" data-element_type=\"widget\" data-settings=\"{&quot;classic_slides_to_show&quot;:3,&quot;classic_slides_to_show_tablet&quot;:2,&quot;classic_slides_to_show_mobile&quot;:1}\" data-widget_type=\"uael-posts.classic\">\n\t\t\t\t<div class=\"elementor-widget-container\">\n\t\t\t\t\t<div class=\"uael-post__header\">\r\n\t\t\t\t\t<\/div>\r\n\t\t<div class=\"uael-post__body\">\r\n\t\t\t\r\n\t\t\r\n\t\t<div class=\"uael-blog-terms-position-above_content uael-post-image-top uael-post-grid uael-posts\" data-query-type=\"custom\" data-structure=\"normal\" data-layout=\"\" data-page=\"1840\" data-skin=\"classic\" data-filter-default=\"\" data-offset-top=\"30\" >\r\n\r\n\t\t\t\t\t\t\t<div class=\"uael-post-grid__inner uael-post__columns-3 uael-post__columns-tablet-2 uael-post__columns-mobile-1\">\r\n\t\t\t\r\n<div class=\"uael-post-wrapper   nachrichten \">\r\n\t<div class=\"uael-post__bg-wrap\">\r\n\r\n\t\t\t\t\r\n\t\t<div class=\"uael-post__inner-wrap\">\r\n\r\n\t\t\t\t<div class=\"uael-post__thumbnail\">\r\n\t\t\t\r\n\t\t\t<a href=\"https:\/\/woodraw.eu\/de\/warum-ein-blockhaus\/\" target=\"_self\" title=\"Warum ein Blockhaus?\"><img fetchpriority=\"high\" decoding=\"async\" width=\"800\" height=\"600\" src=\"https:\/\/woodraw.eu\/wp-content\/uploads\/2023\/04\/modernus-rastinis-namas.webp\" class=\"attachment-full size-full wp-image-1516\" alt=\"\" srcset=\"https:\/\/woodraw.eu\/wp-content\/uploads\/2023\/04\/modernus-rastinis-namas.webp 800w, https:\/\/woodraw.eu\/wp-content\/uploads\/2023\/04\/modernus-rastinis-namas-300x225.webp 300w, https:\/\/woodraw.eu\/wp-content\/uploads\/2023\/04\/modernus-rastinis-namas-768x576.webp 768w\" sizes=\"(max-width: 800px) 100vw, 800px\" \/><\/a>\r\n\t\t\t\t\t<\/div>\r\n\t\t\r\n\t\t\t\r\n\t\t\t<div class=\"uael-post__content-wrap\">\r\n\t\t\t\t\t\t\t<div class=\"uael-post__terms-wrap\"><span class=\"uael-post__terms\"><a href=\"https:\/\/woodraw.eu\/de\/category\/nachrichten\/\" class=\"uael-listing__terms-link\" id=\"uael-post-term-nachrichten\" aria-labelledby=\"uael-post-term-nachrichten\">Nachrichten<\/a><\/span><\/div>\r\n\t\t\t\t\t\t<h3 class=\"uael-post__title\">\r\n\r\n\t\t\r\n\t\t\t\t\t\t<a href=\"https:\/\/woodraw.eu\/de\/warum-ein-blockhaus\/\" target=\"_self\">\r\n\t\t\t\tWarum ein Blockhaus?\t\t\t<\/a>\r\n\r\n\t\t\t\t<\/h3>\r\n\t\t\t\t\t<div class=\"uael-post__meta-data\">\r\n\t\t\t\t\t<span class=\"uael-post__comments\">\r\n\t\t\t\t\t\t\t\t\t\t\t\t<i aria-hidden=\"true\" class=\"fa fa-comments\"><\/i>\t\t\t\t\t\t\t\t\t\tKeine Kommentare\t\t<\/span>\r\n\t\t\t\t<\/div>\r\n\t\t\r\n\t\t<div class=\"uael-post__excerpt\">\r\n\t\t\t<p>Der Blockhausbau ist trotz moderner Bauweisen nach wie vor sehr beliebt. Ihr einzigartiges Aussehen, ihre Nat\u00fcrlichkeit und ihre Haltbarkeit ziehen immer mehr Menschen an. In &#8230;<\/p>\n\t\t<\/div>\r\n\r\n\t\t\t\t\t<a class=\"uael-post__read-more elementor-button\" href=\"https:\/\/woodraw.eu\/de\/warum-ein-blockhaus\/\" target=\"_self\" aria-labelledby=\"uael-post-1767\">\r\n\t\t\t\t\t<span class=\"elementor-button-content-wrapper\">\r\n\t\t\t\t\t\t\t\t\t\t\t\t\t\t<span class=\"elementor-button-icon elementor-align-icon-left\">\r\n\r\n\t\t\t\t\t\t\t\t\t\r\n\t\t\t\t\t\t\t\t<\/span>\r\n\t\t\t\t\t\t\t\t\t\t\t\t\t\r\n\t\t\t\t\t\t<span class=\"elementor-button-text\" id=uael-post-1767>Mehr lesen \u2192<\/span>\r\n\t\t\t\t\t<\/span>\r\n\t\t\t\t<\/a>\r\n\t\t\t\t\t\t<\/div>\r\n\t\t\t\r\n\t\t<\/div>\r\n\t\t\r\n\t<\/div>\r\n\r\n<\/div>\r\n\t\t\t\t<\/div>\r\n\t\t\t\t\t\t\r\n\t\t<\/div>\r\n\r\n\t\t\t\t\t\t<\/div>\r\n\t\t<div class=\"uael-post__footer\">\r\n\t\t\t\t\t<\/div>\r\n\t\t\t\t<\/div>\n\t\t\t\t<\/div>\n\t\t\t\t\t<\/div>\n\t\t<\/div>\n\t\t\t\t\t<\/div>\n\t\t<\/section>\n\t\t\t\t<\/div>\n\t\t","protected":false},"excerpt":{"rendered":"<p>Neuigkeiten aus dem Blockhausbau Wenn Sie sich \u00fcber die Technik von Blockh\u00e4usern und anderen Blockbauten informieren m\u00f6chten, finden Sie hier wichtige Tipps f\u00fcr die Wahl Ihres Blockhaustyps. Wir laden Sie ein, unsere Newsletter zu verfolgen, in denen wir unsere Erfahrungen und Projekte vorstellen. Naujienos Kod\u0117l pasirinkti r\u0105stinius namus Komentar\u0173: 0 R\u0105stini\u0173 nam\u0173 statyba i\u0161lieka populiari &hellip;<\/p>\n<p class=\"read-more\"> <a class=\"\" href=\"https:\/\/woodraw.eu\/de\/warum-ein-blockhaus\/\"> <span class=\"screen-reader-text\">Warum ein Blockhaus?<\/span> Weiterlesen &raquo;<\/a><\/p>\n","protected":false},"author":1,"featured_media":0,"parent":0,"menu_order":0,"comment_status":"closed","ping_status":"closed","template":"","meta":{"site-sidebar-layout":"no-sidebar","site-content-layout":"page-builder","ast-global-header-display":"","ast-main-header-display":"","ast-hfb-above-header-display":"","ast-hfb-below-header-display":"","ast-hfb-mobile-header-display":"","site-post-title":"disabled","ast-breadcrumbs-content":"","ast-featured-img":"disabled","footer-sml-layout":"","theme-transparent-header-meta":"","adv-header-id-meta":"","stick-header-meta":"","header-above-stick-meta":"","header-main-stick-meta":"","header-below-stick-meta":"","footnotes":""},"yoast_head":"<!-- This site is optimized with the Yoast SEO plugin v22.1 - https:\/\/yoast.com\/wordpress\/plugins\/seo\/ -->\n<title>Nachrichten - WoodRaw - Blockh\u00e4user, Ferienh\u00e4user, Sauna und mehr<\/title>\n<meta name=\"description\" content=\"Erfahren Sie das Neueste \u00fcber den Blockhausbau, was Brettschichtholz ist, welche St\u00e4mme f\u00fcr den Bau verwendet werden k\u00f6nnen und andere n\u00fctzliche Informationen\" \/>\n<meta name=\"robots\" content=\"index, follow, max-snippet:-1, max-image-preview:large, max-video-preview:-1\" \/>\n<link rel=\"canonical\" href=\"https:\/\/woodraw.eu\/de\/nachrichten\/\" \/>\n<meta property=\"og:locale\" content=\"de_DE\" \/>\n<meta property=\"og:type\" content=\"article\" \/>\n<meta property=\"og:title\" content=\"Nachrichten - WoodRaw - Blockh\u00e4user, Ferienh\u00e4user, Sauna und mehr\" \/>\n<meta property=\"og:description\" content=\"Erfahren Sie das Neueste \u00fcber den Blockhausbau, was Brettschichtholz ist, welche St\u00e4mme f\u00fcr den Bau verwendet werden k\u00f6nnen und andere n\u00fctzliche Informationen\" \/>\n<meta property=\"og:url\" content=\"https:\/\/woodraw.eu\/de\/nachrichten\/\" \/>\n<meta property=\"og:site_name\" content=\"WoodRaw - Blockh\u00e4user, Ferienh\u00e4user, Sauna und mehr\" \/>\n<meta property=\"article:modified_time\" content=\"2024-03-02T14:02:48+00:00\" \/>\n<meta property=\"og:image\" content=\"https:\/\/woodraw.eu\/wp-content\/uploads\/2023\/04\/modernus-rastinis-namas.webp\" \/>\n<meta name=\"twitter:card\" content=\"summary_large_image\" \/>\n<script type=\"application\/ld+json\" class=\"yoast-schema-graph\">{\"@context\":\"https:\/\/schema.org\",\"@graph\":[{\"@type\":\"WebPage\",\"@id\":\"https:\/\/woodraw.eu\/de\/nachrichten\/\",\"url\":\"https:\/\/woodraw.eu\/de\/nachrichten\/\",\"name\":\"Nachrichten - WoodRaw - Blockh\u00e4user, Ferienh\u00e4user, Sauna und mehr\",\"isPartOf\":{\"@id\":\"https:\/\/woodraw.eu\/de\/#website\"},\"datePublished\":\"2023-04-17T03:51:56+00:00\",\"dateModified\":\"2024-03-02T14:02:48+00:00\",\"description\":\"Erfahren Sie das Neueste \u00fcber den Blockhausbau, was Brettschichtholz ist, welche St\u00e4mme f\u00fcr den Bau verwendet werden k\u00f6nnen und andere n\u00fctzliche Informationen\",\"breadcrumb\":{\"@id\":\"https:\/\/woodraw.eu\/de\/nachrichten\/#breadcrumb\"},\"inLanguage\":\"de\",\"potentialAction\":[{\"@type\":\"ReadAction\",\"target\":[\"https:\/\/woodraw.eu\/de\/nachrichten\/\"]}]},{\"@type\":\"BreadcrumbList\",\"@id\":\"https:\/\/woodraw.eu\/de\/nachrichten\/#breadcrumb\",\"itemListElement\":[{\"@type\":\"ListItem\",\"position\":1,\"name\":\"Home\",\"item\":\"https:\/\/woodraw.eu\/de\/startseite\/\"},{\"@type\":\"ListItem\",\"position\":2,\"name\":\"Nachrichten\"}]},{\"@type\":\"WebSite\",\"@id\":\"https:\/\/woodraw.eu\/de\/#website\",\"url\":\"https:\/\/woodraw.eu\/de\/\",\"name\":\"WoodRaw - Blockh\u00e4user, Ferienh\u00e4user, Sauna und mehr\",\"description\":\"\",\"publisher\":{\"@id\":\"https:\/\/woodraw.eu\/de\/#organization\"},\"potentialAction\":[{\"@type\":\"SearchAction\",\"target\":{\"@type\":\"EntryPoint\",\"urlTemplate\":\"https:\/\/woodraw.eu\/de\/?s={search_term_string}\"},\"query-input\":\"required name=search_term_string\"}],\"inLanguage\":\"de\"},{\"@type\":\"Organization\",\"@id\":\"https:\/\/woodraw.eu\/de\/#organization\",\"name\":\"WoodRaw - Blockh\u00e4user, Ferienh\u00e4user, Sauna und mehr\",\"url\":\"https:\/\/woodraw.eu\/de\/\",\"logo\":{\"@type\":\"ImageObject\",\"inLanguage\":\"de\",\"@id\":\"https:\/\/woodraw.eu\/de\/#\/schema\/logo\/image\/\",\"url\":\"https:\/\/woodraw.eu\/wp-content\/uploads\/2023\/04\/woodraw-logo-fav.png\",\"contentUrl\":\"https:\/\/woodraw.eu\/wp-content\/uploads\/2023\/04\/woodraw-logo-fav.png\",\"width\":250,\"height\":250,\"caption\":\"WoodRaw - Blockh\u00e4user, Ferienh\u00e4user, Sauna und mehr\"},\"image\":{\"@id\":\"https:\/\/woodraw.eu\/de\/#\/schema\/logo\/image\/\"}}]}<\/script>\n<!-- \/ Yoast SEO plugin. -->","yoast_head_json":{"title":"Nachrichten - WoodRaw - Blockh\u00e4user, Ferienh\u00e4user, Sauna und mehr","description":"Erfahren Sie das Neueste \u00fcber den Blockhausbau, was Brettschichtholz ist, welche St\u00e4mme f\u00fcr den Bau verwendet werden k\u00f6nnen und andere n\u00fctzliche Informationen","robots":{"index":"index","follow":"follow","max-snippet":"max-snippet:-1","max-image-preview":"max-image-preview:large","max-video-preview":"max-video-preview:-1"},"canonical":"https:\/\/woodraw.eu\/de\/nachrichten\/","og_locale":"de_DE","og_type":"article","og_title":"Nachrichten - WoodRaw - Blockh\u00e4user, Ferienh\u00e4user, Sauna und mehr","og_description":"Erfahren Sie das Neueste \u00fcber den Blockhausbau, was Brettschichtholz ist, welche St\u00e4mme f\u00fcr den Bau verwendet werden k\u00f6nnen und andere n\u00fctzliche Informationen","og_url":"https:\/\/woodraw.eu\/de\/nachrichten\/","og_site_name":"WoodRaw - Blockh\u00e4user, Ferienh\u00e4user, Sauna und mehr","article_modified_time":"2024-03-02T14:02:48+00:00","og_image":[{"url":"https:\/\/woodraw.eu\/wp-content\/uploads\/2023\/04\/modernus-rastinis-namas.webp"}],"twitter_card":"summary_large_image","schema":{"@context":"https:\/\/schema.org","@graph":[{"@type":"WebPage","@id":"https:\/\/woodraw.eu\/de\/nachrichten\/","url":"https:\/\/woodraw.eu\/de\/nachrichten\/","name":"Nachrichten - WoodRaw - Blockh\u00e4user, Ferienh\u00e4user, Sauna und mehr","isPartOf":{"@id":"https:\/\/woodraw.eu\/de\/#website"},"datePublished":"2023-04-17T03:51:56+00:00","dateModified":"2024-03-02T14:02:48+00:00","description":"Erfahren Sie das Neueste \u00fcber den Blockhausbau, was Brettschichtholz ist, welche St\u00e4mme f\u00fcr den Bau verwendet werden k\u00f6nnen und andere n\u00fctzliche Informationen","breadcrumb":{"@id":"https:\/\/woodraw.eu\/de\/nachrichten\/#breadcrumb"},"inLanguage":"de","potentialAction":[{"@type":"ReadAction","target":["https:\/\/woodraw.eu\/de\/nachrichten\/"]}]},{"@type":"BreadcrumbList","@id":"https:\/\/woodraw.eu\/de\/nachrichten\/#breadcrumb","itemListElement":[{"@type":"ListItem","position":1,"name":"Home","item":"https:\/\/woodraw.eu\/de\/startseite\/"},{"@type":"ListItem","position":2,"name":"Nachrichten"}]},{"@type":"WebSite","@id":"https:\/\/woodraw.eu\/de\/#website","url":"https:\/\/woodraw.eu\/de\/","name":"WoodRaw - Blockh\u00e4user, Ferienh\u00e4user, Sauna und mehr","description":"","publisher":{"@id":"https:\/\/woodraw.eu\/de\/#organization"},"potentialAction":[{"@type":"SearchAction","target":{"@type":"EntryPoint","urlTemplate":"https:\/\/woodraw.eu\/de\/?s={search_term_string}"},"query-input":"required name=search_term_string"}],"inLanguage":"de"},{"@type":"Organization","@id":"https:\/\/woodraw.eu\/de\/#organization","name":"WoodRaw - Blockh\u00e4user, Ferienh\u00e4user, Sauna und mehr","url":"https:\/\/woodraw.eu\/de\/","logo":{"@type":"ImageObject","inLanguage":"de","@id":"https:\/\/woodraw.eu\/de\/#\/schema\/logo\/image\/","url":"https:\/\/woodraw.eu\/wp-content\/uploads\/2023\/04\/woodraw-logo-fav.png","contentUrl":"https:\/\/woodraw.eu\/wp-content\/uploads\/2023\/04\/woodraw-logo-fav.png","width":250,"height":250,"caption":"WoodRaw - Blockh\u00e4user, Ferienh\u00e4user, Sauna und mehr"},"image":{"@id":"https:\/\/woodraw.eu\/de\/#\/schema\/logo\/image\/"}}]}},"_links":{"self":[{"href":"https:\/\/woodraw.eu\/de\/wp-json\/wp\/v2\/pages\/1840"}],"collection":[{"href":"https:\/\/woodraw.eu\/de\/wp-json\/wp\/v2\/pages"}],"about":[{"href":"https:\/\/woodraw.eu\/de\/wp-json\/wp\/v2\/types\/page"}],"author":[{"embeddable":true,"href":"https:\/\/woodraw.eu\/de\/wp-json\/wp\/v2\/users\/1"}],"replies":[{"embeddable":true,"href":"https:\/\/woodraw.eu\/de\/wp-json\/wp\/v2\/comments?post=1840"}],"version-history":[{"count":3,"href":"https:\/\/woodraw.eu\/de\/wp-json\/wp\/v2\/pages\/1840\/revisions"}],"predecessor-version":[{"id":1843,"href":"https:\/\/woodraw.eu\/de\/wp-json\/wp\/v2\/pages\/1840\/revisions\/1843"}],"wp:attachment":[{"href":"https:\/\/woodraw.eu\/de\/wp-json\/wp\/v2\/media?parent=1840"}],"curies":[{"name":"wp","href":"https:\/\/api.w.org\/{rel}","templated":true}]}}