{"id":1836,"date":"2023-04-17T03:51:56","date_gmt":"2023-04-17T03:51:56","guid":{"rendered":"https:\/\/woodraw.eu\/news\/"},"modified":"2024-03-02T14:02:07","modified_gmt":"2024-03-02T14:02:07","slug":"news","status":"publish","type":"page","link":"https:\/\/woodraw.eu\/en\/news\/","title":{"rendered":"News"},"content":{"rendered":"\t\t<div data-elementor-type=\"wp-page\" data-elementor-id=\"1836\" class=\"elementor elementor-1836 elementor-830\" data-elementor-post-type=\"page\">\n\t\t\t\t\t\t<section class=\"elementor-section elementor-top-section elementor-element elementor-element-155bcd6 elementor-section-boxed elementor-section-height-default elementor-section-height-default\" data-id=\"155bcd6\" data-element_type=\"section\">\n\t\t\t\t\t\t<div class=\"elementor-container elementor-column-gap-default\">\n\t\t\t\t\t<div class=\"elementor-column elementor-col-100 elementor-top-column elementor-element elementor-element-ae885ee\" data-id=\"ae885ee\" data-element_type=\"column\">\n\t\t\t<div class=\"elementor-widget-wrap elementor-element-populated\">\n\t\t\t\t\t\t<div class=\"elementor-element elementor-element-c4aa347 elementor-widget elementor-widget-heading\" data-id=\"c4aa347\" data-element_type=\"widget\" data-widget_type=\"heading.default\">\n\t\t\t\t<div class=\"elementor-widget-container\">\n\t\t\t<style>\/*! elementor - v3.19.0 - 28-02-2024 *\/\n.elementor-heading-title{padding:0;margin:0;line-height:1}.elementor-widget-heading .elementor-heading-title[class*=elementor-size-]>a{color:inherit;font-size:inherit;line-height:inherit}.elementor-widget-heading .elementor-heading-title.elementor-size-small{font-size:15px}.elementor-widget-heading .elementor-heading-title.elementor-size-medium{font-size:19px}.elementor-widget-heading .elementor-heading-title.elementor-size-large{font-size:29px}.elementor-widget-heading .elementor-heading-title.elementor-size-xl{font-size:39px}.elementor-widget-heading .elementor-heading-title.elementor-size-xxl{font-size:59px}<\/style><h1 class=\"elementor-heading-title elementor-size-large\">News from log house construction<\/h1>\t\t<\/div>\n\t\t\t\t<\/div>\n\t\t\t\t<div class=\"elementor-element elementor-element-723530c elementor-widget elementor-widget-text-editor\" data-id=\"723530c\" data-element_type=\"widget\" data-widget_type=\"text-editor.default\">\n\t\t\t\t<div class=\"elementor-widget-container\">\n\t\t\t<style>\/*! elementor - v3.19.0 - 28-02-2024 *\/\n.elementor-widget-text-editor.elementor-drop-cap-view-stacked .elementor-drop-cap{background-color:#69727d;color:#fff}.elementor-widget-text-editor.elementor-drop-cap-view-framed .elementor-drop-cap{color:#69727d;border:3px solid;background-color:transparent}.elementor-widget-text-editor:not(.elementor-drop-cap-view-default) .elementor-drop-cap{margin-top:8px}.elementor-widget-text-editor:not(.elementor-drop-cap-view-default) .elementor-drop-cap-letter{width:1em;height:1em}.elementor-widget-text-editor .elementor-drop-cap{float:left;text-align:center;line-height:1;font-size:50px}.elementor-widget-text-editor .elementor-drop-cap-letter{display:inline-block}<\/style>\t\t\t\t<div class=\"group w-full text-gray-800 dark:text-gray-100 border-b border-black\/10 dark:border-gray-900\/50 bg-gray-50 dark:bg-[#444654]\">\n<div class=\"text-base gap-4 md:gap-6 md:max-w-2xl lg:max-w-xl xl:max-w-3xl p-4 md:py-6 flex lg:px-0 m-auto\">\n<div class=\"relative flex w-[calc(100%-50px)] flex-col gap-1 md:gap-3 lg:w-[calc(100%-115px)]\">\n<div class=\"flex flex-grow flex-col gap-3\">\n<div class=\"min-h-[20px] flex flex-col items-start gap-4 whitespace-pre-wrap\">\n<div class=\"markdown prose w-full break-words dark:prose-invert dark\">\n<p>If you want to learn about the technology behind log houses and other log structures, find out important tips for choosing your type of log house. We invite you to follow our newsletters where we share our experience and projects.<\/p>\n<\/div>\n<\/div>\n<\/div>\n<div class=\"flex justify-between lg:block\">\n<div class=\"text-gray-400 flex self-end lg:self-center justify-center mt-2 gap-2 md:gap-3 lg:gap-1 lg:absolute lg:top-0 lg:translate-x-full lg:right-0 lg:mt-0 lg:pl-2 visible\"> <\/div>\n<\/div>\n<\/div>\n<\/div>\n<\/div>\n\t\t\t\t\t\t<\/div>\n\t\t\t\t<\/div>\n\t\t\t\t\t<\/div>\n\t\t<\/div>\n\t\t\t\t\t<\/div>\n\t\t<\/section>\n\t\t\t\t<section class=\"elementor-section elementor-top-section elementor-element elementor-element-fdc7071 elementor-section-boxed elementor-section-height-default elementor-section-height-default\" data-id=\"fdc7071\" data-element_type=\"section\">\n\t\t\t\t\t\t<div class=\"elementor-container elementor-column-gap-default\">\n\t\t\t\t\t<div class=\"elementor-column elementor-col-100 elementor-top-column elementor-element elementor-element-dd9d7d5\" data-id=\"dd9d7d5\" data-element_type=\"column\">\n\t\t\t<div class=\"elementor-widget-wrap elementor-element-populated\">\n\t\t\t\t\t\t<div class=\"elementor-element elementor-element-23043ac elementor-widget elementor-widget-uael-posts\" data-id=\"23043ac\" data-element_type=\"widget\" data-settings=\"{&quot;classic_slides_to_show&quot;:3,&quot;classic_slides_to_show_tablet&quot;:2,&quot;classic_slides_to_show_mobile&quot;:1}\" data-widget_type=\"uael-posts.classic\">\n\t\t\t\t<div class=\"elementor-widget-container\">\n\t\t\t\t\t<div class=\"uael-post__header\">\r\n\t\t\t\t\t<\/div>\r\n\t\t<div class=\"uael-post__body\">\r\n\t\t\t\r\n\t\t\r\n\t\t<div class=\"uael-blog-terms-position-above_content uael-post-image-top uael-post-grid uael-posts\" data-query-type=\"custom\" data-structure=\"normal\" data-layout=\"\" data-page=\"1836\" data-skin=\"classic\" data-filter-default=\"\" data-offset-top=\"30\" >\r\n\r\n\t\t\t\t\t\t\t<div class=\"uael-post-grid__inner uael-post__columns-3 uael-post__columns-tablet-2 uael-post__columns-mobile-1\">\r\n\t\t\t\r\n<div class=\"uael-post-wrapper   news \">\r\n\t<div class=\"uael-post__bg-wrap\">\r\n\r\n\t\t\t\t\r\n\t\t<div class=\"uael-post__inner-wrap\">\r\n\r\n\t\t\t\t<div class=\"uael-post__thumbnail\">\r\n\t\t\t\r\n\t\t\t<a href=\"https:\/\/woodraw.eu\/en\/why-choose-log-homes\/\" target=\"_self\" title=\"Why choose log homes\"><img fetchpriority=\"high\" decoding=\"async\" width=\"800\" height=\"600\" src=\"https:\/\/woodraw.eu\/wp-content\/uploads\/2023\/04\/modernus-rastinis-namas.webp\" class=\"attachment-full size-full wp-image-1515\" alt=\"\" srcset=\"https:\/\/woodraw.eu\/wp-content\/uploads\/2023\/04\/modernus-rastinis-namas.webp 800w, https:\/\/woodraw.eu\/wp-content\/uploads\/2023\/04\/modernus-rastinis-namas-300x225.webp 300w, https:\/\/woodraw.eu\/wp-content\/uploads\/2023\/04\/modernus-rastinis-namas-768x576.webp 768w\" sizes=\"(max-width: 800px) 100vw, 800px\" \/><\/a>\r\n\t\t\t\t\t<\/div>\r\n\t\t\r\n\t\t\t\r\n\t\t\t<div class=\"uael-post__content-wrap\">\r\n\t\t\t\t\t\t\t<div class=\"uael-post__terms-wrap\"><span class=\"uael-post__terms\"><a href=\"https:\/\/woodraw.eu\/en\/category\/news\/\" class=\"uael-listing__terms-link\" id=\"uael-post-term-news\" aria-labelledby=\"uael-post-term-news\">News<\/a><\/span><\/div>\r\n\t\t\t\t\t\t<h3 class=\"uael-post__title\">\r\n\r\n\t\t\r\n\t\t\t\t\t\t<a href=\"https:\/\/woodraw.eu\/en\/why-choose-log-homes\/\" target=\"_self\">\r\n\t\t\t\tWhy choose log homes\t\t\t<\/a>\r\n\r\n\t\t\t\t<\/h3>\r\n\t\t\t\t\t<div class=\"uael-post__meta-data\">\r\n\t\t\t\t\t<span class=\"uael-post__comments\">\r\n\t\t\t\t\t\t\t\t\t\t\t\t<i aria-hidden=\"true\" class=\"fa fa-comments\"><\/i>\t\t\t\t\t\t\t\t\t\tNo Comments\t\t<\/span>\r\n\t\t\t\t<\/div>\r\n\t\t\r\n\t\t<div class=\"uael-post__excerpt\">\r\n\t\t\t<p>Log house construction remains a popular option despite the advent of modern construction methods. Their unique appearance, naturalness and durability are attracting more and more &#8230;<\/p>\n\t\t<\/div>\r\n\r\n\t\t\t\t\t<a class=\"uael-post__read-more elementor-button\" href=\"https:\/\/woodraw.eu\/en\/why-choose-log-homes\/\" target=\"_self\" aria-labelledby=\"uael-post-1763\">\r\n\t\t\t\t\t<span class=\"elementor-button-content-wrapper\">\r\n\t\t\t\t\t\t\t\t\t\t\t\t\t\t<span class=\"elementor-button-icon elementor-align-icon-left\">\r\n\r\n\t\t\t\t\t\t\t\t\t\r\n\t\t\t\t\t\t\t\t<\/span>\r\n\t\t\t\t\t\t\t\t\t\t\t\t\t\r\n\t\t\t\t\t\t<span class=\"elementor-button-text\" id=uael-post-1763>Read More \u2192<\/span>\r\n\t\t\t\t\t<\/span>\r\n\t\t\t\t<\/a>\r\n\t\t\t\t\t\t<\/div>\r\n\t\t\t\r\n\t\t<\/div>\r\n\t\t\r\n\t<\/div>\r\n\r\n<\/div>\r\n\t\t\t\t<\/div>\r\n\t\t\t\t\t\t\r\n\t\t<\/div>\r\n\r\n\t\t\t\t\t\t<\/div>\r\n\t\t<div class=\"uael-post__footer\">\r\n\t\t\t\t\t<\/div>\r\n\t\t\t\t<\/div>\n\t\t\t\t<\/div>\n\t\t\t\t\t<\/div>\n\t\t<\/div>\n\t\t\t\t\t<\/div>\n\t\t<\/section>\n\t\t\t\t<\/div>\n\t\t","protected":false},"excerpt":{"rendered":"<p>News from log house construction If you want to learn about the technology behind log houses and other log structures, find out important tips for choosing your type of log house. We invite you to follow our newsletters where we share our experience and projects. Naujienos Kod\u0117l pasirinkti r\u0105stinius namus Komentar\u0173: 0 R\u0105stini\u0173 nam\u0173 statyba &hellip;<\/p>\n<p class=\"read-more\"> <a class=\"\" href=\"https:\/\/woodraw.eu\/en\/why-choose-log-homes\/\"> <span class=\"screen-reader-text\">Why choose log homes<\/span> Read More &raquo;<\/a><\/p>\n","protected":false},"author":1,"featured_media":0,"parent":0,"menu_order":0,"comment_status":"closed","ping_status":"closed","template":"","meta":{"site-sidebar-layout":"no-sidebar","site-content-layout":"page-builder","ast-global-header-display":"","ast-main-header-display":"","ast-hfb-above-header-display":"","ast-hfb-below-header-display":"","ast-hfb-mobile-header-display":"","site-post-title":"disabled","ast-breadcrumbs-content":"","ast-featured-img":"disabled","footer-sml-layout":"","theme-transparent-header-meta":"","adv-header-id-meta":"","stick-header-meta":"","header-above-stick-meta":"","header-main-stick-meta":"","header-below-stick-meta":"","footnotes":""},"yoast_head":"<!-- This site is optimized with the Yoast SEO plugin v22.1 - https:\/\/yoast.com\/wordpress\/plugins\/seo\/ -->\n<title>News - WoodRaw - Log Homes, Holiday Homes, Saunas and more<\/title>\n<meta name=\"description\" content=\"Find out the latest news on log house construction, what glulam is, what logs can be used for construction and other useful information\" \/>\n<meta name=\"robots\" content=\"index, follow, max-snippet:-1, max-image-preview:large, max-video-preview:-1\" \/>\n<link rel=\"canonical\" href=\"https:\/\/woodraw.eu\/en\/news\/\" \/>\n<meta property=\"og:locale\" content=\"en_US\" \/>\n<meta property=\"og:type\" content=\"article\" \/>\n<meta property=\"og:title\" content=\"News - WoodRaw - Log Homes, Holiday Homes, Saunas and more\" \/>\n<meta property=\"og:description\" content=\"Find out the latest news on log house construction, what glulam is, what logs can be used for construction and other useful information\" \/>\n<meta property=\"og:url\" content=\"https:\/\/woodraw.eu\/en\/news\/\" \/>\n<meta property=\"og:site_name\" content=\"WoodRaw - Log Homes, Holiday Homes, Saunas and more\" \/>\n<meta property=\"article:modified_time\" content=\"2024-03-02T14:02:07+00:00\" \/>\n<meta property=\"og:image\" content=\"https:\/\/woodraw.eu\/wp-content\/uploads\/2023\/04\/modernus-rastinis-namas.webp\" \/>\n<meta name=\"twitter:card\" content=\"summary_large_image\" \/>\n<script type=\"application\/ld+json\" class=\"yoast-schema-graph\">{\"@context\":\"https:\/\/schema.org\",\"@graph\":[{\"@type\":\"WebPage\",\"@id\":\"https:\/\/woodraw.eu\/en\/news\/\",\"url\":\"https:\/\/woodraw.eu\/en\/news\/\",\"name\":\"News - WoodRaw - Log Homes, Holiday Homes, Saunas and more\",\"isPartOf\":{\"@id\":\"https:\/\/woodraw.eu\/en\/#website\"},\"datePublished\":\"2023-04-17T03:51:56+00:00\",\"dateModified\":\"2024-03-02T14:02:07+00:00\",\"description\":\"Find out the latest news on log house construction, what glulam is, what logs can be used for construction and other useful information\",\"breadcrumb\":{\"@id\":\"https:\/\/woodraw.eu\/en\/news\/#breadcrumb\"},\"inLanguage\":\"en-US\",\"potentialAction\":[{\"@type\":\"ReadAction\",\"target\":[\"https:\/\/woodraw.eu\/en\/news\/\"]}]},{\"@type\":\"BreadcrumbList\",\"@id\":\"https:\/\/woodraw.eu\/en\/news\/#breadcrumb\",\"itemListElement\":[{\"@type\":\"ListItem\",\"position\":1,\"name\":\"Home\",\"item\":\"https:\/\/woodraw.eu\/en\/home\/\"},{\"@type\":\"ListItem\",\"position\":2,\"name\":\"News\"}]},{\"@type\":\"WebSite\",\"@id\":\"https:\/\/woodraw.eu\/en\/#website\",\"url\":\"https:\/\/woodraw.eu\/en\/\",\"name\":\"WoodRaw - Log Homes, Holiday Homes, Saunas and more\",\"description\":\"\",\"publisher\":{\"@id\":\"https:\/\/woodraw.eu\/en\/#organization\"},\"potentialAction\":[{\"@type\":\"SearchAction\",\"target\":{\"@type\":\"EntryPoint\",\"urlTemplate\":\"https:\/\/woodraw.eu\/en\/?s={search_term_string}\"},\"query-input\":\"required name=search_term_string\"}],\"inLanguage\":\"en-US\"},{\"@type\":\"Organization\",\"@id\":\"https:\/\/woodraw.eu\/en\/#organization\",\"name\":\"WoodRaw - Log Homes, Holiday Homes, Saunas and more\",\"url\":\"https:\/\/woodraw.eu\/en\/\",\"logo\":{\"@type\":\"ImageObject\",\"inLanguage\":\"en-US\",\"@id\":\"https:\/\/woodraw.eu\/en\/#\/schema\/logo\/image\/\",\"url\":\"https:\/\/woodraw.eu\/wp-content\/uploads\/2023\/04\/woodraw-logo-fav.png\",\"contentUrl\":\"https:\/\/woodraw.eu\/wp-content\/uploads\/2023\/04\/woodraw-logo-fav.png\",\"width\":250,\"height\":250,\"caption\":\"WoodRaw - Log Homes, Holiday Homes, Saunas and more\"},\"image\":{\"@id\":\"https:\/\/woodraw.eu\/en\/#\/schema\/logo\/image\/\"}}]}<\/script>\n<!-- \/ Yoast SEO plugin. -->","yoast_head_json":{"title":"News - WoodRaw - Log Homes, Holiday Homes, Saunas and more","description":"Find out the latest news on log house construction, what glulam is, what logs can be used for construction and other useful information","robots":{"index":"index","follow":"follow","max-snippet":"max-snippet:-1","max-image-preview":"max-image-preview:large","max-video-preview":"max-video-preview:-1"},"canonical":"https:\/\/woodraw.eu\/en\/news\/","og_locale":"en_US","og_type":"article","og_title":"News - WoodRaw - Log Homes, Holiday Homes, Saunas and more","og_description":"Find out the latest news on log house construction, what glulam is, what logs can be used for construction and other useful information","og_url":"https:\/\/woodraw.eu\/en\/news\/","og_site_name":"WoodRaw - Log Homes, Holiday Homes, Saunas and more","article_modified_time":"2024-03-02T14:02:07+00:00","og_image":[{"url":"https:\/\/woodraw.eu\/wp-content\/uploads\/2023\/04\/modernus-rastinis-namas.webp"}],"twitter_card":"summary_large_image","schema":{"@context":"https:\/\/schema.org","@graph":[{"@type":"WebPage","@id":"https:\/\/woodraw.eu\/en\/news\/","url":"https:\/\/woodraw.eu\/en\/news\/","name":"News - WoodRaw - Log Homes, Holiday Homes, Saunas and more","isPartOf":{"@id":"https:\/\/woodraw.eu\/en\/#website"},"datePublished":"2023-04-17T03:51:56+00:00","dateModified":"2024-03-02T14:02:07+00:00","description":"Find out the latest news on log house construction, what glulam is, what logs can be used for construction and other useful information","breadcrumb":{"@id":"https:\/\/woodraw.eu\/en\/news\/#breadcrumb"},"inLanguage":"en-US","potentialAction":[{"@type":"ReadAction","target":["https:\/\/woodraw.eu\/en\/news\/"]}]},{"@type":"BreadcrumbList","@id":"https:\/\/woodraw.eu\/en\/news\/#breadcrumb","itemListElement":[{"@type":"ListItem","position":1,"name":"Home","item":"https:\/\/woodraw.eu\/en\/home\/"},{"@type":"ListItem","position":2,"name":"News"}]},{"@type":"WebSite","@id":"https:\/\/woodraw.eu\/en\/#website","url":"https:\/\/woodraw.eu\/en\/","name":"WoodRaw - Log Homes, Holiday Homes, Saunas and more","description":"","publisher":{"@id":"https:\/\/woodraw.eu\/en\/#organization"},"potentialAction":[{"@type":"SearchAction","target":{"@type":"EntryPoint","urlTemplate":"https:\/\/woodraw.eu\/en\/?s={search_term_string}"},"query-input":"required name=search_term_string"}],"inLanguage":"en-US"},{"@type":"Organization","@id":"https:\/\/woodraw.eu\/en\/#organization","name":"WoodRaw - Log Homes, Holiday Homes, Saunas and more","url":"https:\/\/woodraw.eu\/en\/","logo":{"@type":"ImageObject","inLanguage":"en-US","@id":"https:\/\/woodraw.eu\/en\/#\/schema\/logo\/image\/","url":"https:\/\/woodraw.eu\/wp-content\/uploads\/2023\/04\/woodraw-logo-fav.png","contentUrl":"https:\/\/woodraw.eu\/wp-content\/uploads\/2023\/04\/woodraw-logo-fav.png","width":250,"height":250,"caption":"WoodRaw - Log Homes, Holiday Homes, Saunas and more"},"image":{"@id":"https:\/\/woodraw.eu\/en\/#\/schema\/logo\/image\/"}}]}},"_links":{"self":[{"href":"https:\/\/woodraw.eu\/en\/wp-json\/wp\/v2\/pages\/1836"}],"collection":[{"href":"https:\/\/woodraw.eu\/en\/wp-json\/wp\/v2\/pages"}],"about":[{"href":"https:\/\/woodraw.eu\/en\/wp-json\/wp\/v2\/types\/page"}],"author":[{"embeddable":true,"href":"https:\/\/woodraw.eu\/en\/wp-json\/wp\/v2\/users\/1"}],"replies":[{"embeddable":true,"href":"https:\/\/woodraw.eu\/en\/wp-json\/wp\/v2\/comments?post=1836"}],"version-history":[{"count":3,"href":"https:\/\/woodraw.eu\/en\/wp-json\/wp\/v2\/pages\/1836\/revisions"}],"predecessor-version":[{"id":1839,"href":"https:\/\/woodraw.eu\/en\/wp-json\/wp\/v2\/pages\/1836\/revisions\/1839"}],"wp:attachment":[{"href":"https:\/\/woodraw.eu\/en\/wp-json\/wp\/v2\/media?parent=1836"}],"curies":[{"name":"wp","href":"https:\/\/api.w.org\/{rel}","templated":true}]}}